{"id":3851,"date":"2023-06-20T17:39:27","date_gmt":"2023-06-20T15:39:27","guid":{"rendered":"https:\/\/www.lartdececilia.art\/?page_id=3851"},"modified":"2025-07-12T19:53:10","modified_gmt":"2025-07-12T17:53:10","slug":"tableaux-et-couronnes","status":"publish","type":"page","link":"https:\/\/www.lartdececilia.ovh\/index.php\/tableaux-et-couronnes\/","title":{"rendered":"Nouveaut\u00e9s"},"content":{"rendered":"\n<h1 class=\"wp-block-heading has-text-align-center\"><strong><mark style=\"background-color:rgba(0, 0, 0, 0)\" class=\"has-inline-color has-black-color\"><\/mark><\/strong><mark style=\"background-color:rgba(0, 0, 0, 0)\" class=\"has-inline-color has-black-color\"><\/mark><em><mark style=\"background-color:rgba(0, 0, 0, 0)\" class=\"has-inline-color has-black-color\"><\/mark><strong><mark style=\"background-color:rgba(0, 0, 0, 0)\" class=\"has-inline-color has-black-color\"><\/mark><\/strong><\/em><mark style=\"background-color:rgba(0, 0, 0, 0)\" class=\"has-inline-color has-black-color\"><\/mark><mark style=\"background-color:rgba(0, 0, 0, 0)\" class=\"has-inline-color has-black-color\"><\/mark><\/h1>\n\n\n\n<h1 class=\"wp-block-heading has-text-align-center has-white-color has-text-color has-background has-link-color wp-elements-d64a8b961b7a39c7c6eb0c6e127f8894\" style=\"background:linear-gradient(135deg,rgb(28,61,12) 0%,rgb(245,241,24) 51%,rgb(187,41,4) 100%)\"><strong><mark style=\"background-color:rgba(0, 0, 0, 0)\" class=\"has-inline-color has-black-color\">Mes Livres de Po\u00e9sie en Portugais<\/mark><\/strong><\/h1>\n\n\n\n<p><\/p>\n\n\n\n<h2 class=\"wp-block-heading has-text-align-center\"><strong><mark style=\"background-color:rgba(0, 0, 0, 0)\" class=\"has-inline-color has-white-color\">Bonjour \u00e0 tous! Je vous pr\u00e9sente ci-dessous mes deux livres de po\u00e9sie en portugais du Portugal.<\/mark><\/strong><\/h2>\n\n\n\n<h2 class=\"wp-block-heading has-text-align-center\"><\/h2>\n\n\n\n<div class=\"wp-block-media-text alignwide is-stacked-on-mobile\"><figure class=\"wp-block-media-text__media\"><img loading=\"lazy\" decoding=\"async\" width=\"330\" height=\"500\" src=\"https:\/\/www.lartdececilia.ovh\/wp-content\/uploads\/2025\/05\/base0005000964531-1.jpg\" alt=\"\" class=\"wp-image-5439 size-full\" srcset=\"https:\/\/www.lartdececilia.ovh\/wp-content\/uploads\/2025\/05\/base0005000964531-1.jpg 330w, https:\/\/www.lartdececilia.ovh\/wp-content\/uploads\/2025\/05\/base0005000964531-1-198x300.jpg 198w\" sizes=\"auto, (max-width: 330px) 100vw, 330px\" \/><\/figure><div class=\"wp-block-media-text__content\">\n<h2 class=\"wp-block-heading has-text-align-center has-white-background-color has-text-color has-background has-link-color wp-elements-0fa61573039532776a1bdf6a42278bb4\" style=\"color:#be2c2c\"><em><strong><mark style=\"background-color:rgba(0, 0, 0, 0)\" class=\"has-inline-color has-black-color\">Un livre \u00e0 lire:<\/mark><\/strong><\/em> <strong>\u00ab\u00a0O LADO BOM DA POESIA\u00a0\u00bb<\/strong><\/h2>\n\n\n\n<h2 class=\"wp-block-heading has-text-align-center has-pale-ocean-gradient-background has-background\"><strong><mark style=\"background-color:rgba(0, 0, 0, 0)\" class=\"has-inline-color has-black-color\">MON PREMIER LIVRE DE PO\u00c9SIE EN PORTUGAIS<\/mark><\/strong><\/h2>\n\n\n\n<h2 class=\"wp-block-heading has-text-align-center has-blush-light-purple-gradient-background has-background\"><strong><mark style=\"background-color:rgba(0, 0, 0, 0)\" class=\"has-inline-color has-black-color\">EN VENTE SUR LE SITE: <a href=\"https:\/\/publishfr.bookmundo.com\/site\/mybooks\/index\">https:\/\/publishfr.bookmundo.com\/site\/mybooks\/index<\/a><\/mark><\/strong><\/h2>\n<\/div><\/div>\n\n\n\n<figure class=\"wp-block-pullquote\"><blockquote><p><\/p><\/blockquote><\/figure>\n\n\n\n<div class=\"wp-block-media-text alignwide is-stacked-on-mobile\"><figure class=\"wp-block-media-text__media\"><img loading=\"lazy\" decoding=\"async\" width=\"663\" height=\"1024\" src=\"https:\/\/www.lartdececilia.ovh\/wp-content\/uploads\/2025\/05\/615lPOQE0VL._SL1500_-663x1024.jpg\" alt=\"\" class=\"wp-image-5450 size-full\" srcset=\"https:\/\/www.lartdececilia.ovh\/wp-content\/uploads\/2025\/05\/615lPOQE0VL._SL1500_-663x1024.jpg 663w, https:\/\/www.lartdececilia.ovh\/wp-content\/uploads\/2025\/05\/615lPOQE0VL._SL1500_-194x300.jpg 194w, https:\/\/www.lartdececilia.ovh\/wp-content\/uploads\/2025\/05\/615lPOQE0VL._SL1500_-768x1186.jpg 768w, https:\/\/www.lartdececilia.ovh\/wp-content\/uploads\/2025\/05\/615lPOQE0VL._SL1500_.jpg 971w\" sizes=\"auto, (max-width: 663px) 100vw, 663px\" \/><\/figure><div class=\"wp-block-media-text__content\">\n<h2 class=\"wp-block-heading has-text-align-center has-white-background-color has-background\"><em><strong>Un livre \u00e0 lire aussi:<\/strong><\/em><\/h2>\n\n\n\n<h2 class=\"wp-block-heading has-text-align-center has-white-background-color has-background\"><strong><mark style=\"background-color:rgba(0, 0, 0, 0);color:#f74571\" class=\"has-inline-color\">\u00ab\u00a0A MINHA POESIA\u00a0\u00bb<\/mark><\/strong><\/h2>\n\n\n\n<h2 class=\"wp-block-heading has-text-align-center has-cool-to-warm-spectrum-gradient-background has-background\"><strong><mark style=\"background-color:rgba(0, 0, 0, 0)\" class=\"has-inline-color has-black-color\">MON DEUXI\u00c8ME LIVRE DE PO\u00c9SIE EN PORTUGAIS<\/mark><\/strong><\/h2>\n\n\n\n<h2 class=\"wp-block-heading has-text-align-center has-luminous-vivid-amber-to-luminous-vivid-orange-gradient-background has-text-color has-background has-link-color wp-elements-dca807b53384fc41c0056ab879cd6f48\" style=\"color:#01253a\"><strong>EN VENTE SUR LE SITE:  <a href=\"https:\/\/www.amazon.fr\">https:\/\/www.amazon.fr<\/a><\/strong><\/h2>\n<\/div><\/div>\n\n\n\n<p><\/p>\n","protected":false},"excerpt":{"rendered":"<p>Mes Livres de Po\u00e9sie en Portugais Bonjour \u00e0 tous! Je vous pr\u00e9sente ci-dessous mes deux livres de po\u00e9sie en portugais du Portugal. Un livre \u00e0 lire: \u00ab\u00a0O LADO BOM DA POESIA\u00a0\u00bb MON PREMIER LIVRE DE PO\u00c9SIE EN PORTUGAIS EN VENTE SUR LE SITE: https:\/\/publishfr.bookmundo.com\/site\/mybooks\/index Un livre \u00e0 lire aussi: \u00ab\u00a0A MINHA POESIA\u00a0\u00bb MON DEUXI\u00c8ME LIVRE DE PO\u00c9SIE EN PORTUGAIS EN VENTE SUR LE SITE: https:\/\/www.amazon.fr<\/p>\n","protected":false},"author":1,"featured_media":0,"parent":0,"menu_order":0,"comment_status":"closed","ping_status":"closed","template":"","meta":{"footnotes":""},"class_list":["post-3851","page","type-page","status-publish","hentry"],"acf":[],"_links":{"self":[{"href":"https:\/\/www.lartdececilia.ovh\/index.php\/wp-json\/wp\/v2\/pages\/3851","targetHints":{"allow":["GET"]}}],"collection":[{"href":"https:\/\/www.lartdececilia.ovh\/index.php\/wp-json\/wp\/v2\/pages"}],"about":[{"href":"https:\/\/www.lartdececilia.ovh\/index.php\/wp-json\/wp\/v2\/types\/page"}],"author":[{"embeddable":true,"href":"https:\/\/www.lartdececilia.ovh\/index.php\/wp-json\/wp\/v2\/users\/1"}],"replies":[{"embeddable":true,"href":"https:\/\/www.lartdececilia.ovh\/index.php\/wp-json\/wp\/v2\/comments?post=3851"}],"version-history":[{"count":111,"href":"https:\/\/www.lartdececilia.ovh\/index.php\/wp-json\/wp\/v2\/pages\/3851\/revisions"}],"predecessor-version":[{"id":5571,"href":"https:\/\/www.lartdececilia.ovh\/index.php\/wp-json\/wp\/v2\/pages\/3851\/revisions\/5571"}],"wp:attachment":[{"href":"https:\/\/www.lartdececilia.ovh\/index.php\/wp-json\/wp\/v2\/media?parent=3851"}],"curies":[{"name":"wp","href":"https:\/\/api.w.org\/{rel}","templated":true}]}}